{"id":8,"date":"2025-04-11T01:49:22","date_gmt":"2025-04-11T01:49:22","guid":{"rendered":"https:\/\/marichuy.mx\/?page_id=8"},"modified":"2025-04-11T01:49:22","modified_gmt":"2025-04-11T01:49:22","slug":"inicio","status":"publish","type":"page","link":"https:\/\/marichuy.mx\/","title":{"rendered":"Inicio"},"content":{"rendered":"\n<p>\u00a1Te damos la bienvenida a tu sitio! Esta es tu p\u00e1gina de inicio, que es la que la mayor\u00eda de visitantes ver\u00e1n cuando vengan a tu sitio por primera vez.<\/p>\n","protected":false},"excerpt":{"rendered":"<p>\u00a1Te damos la bienvenida a tu sitio! Esta es tu p\u00e1gina de inicio, que es la que la mayor\u00eda de visitantes ver\u00e1n cuando vengan a tu sitio por primera vez.<\/p>\n","protected":false},"author":1,"featured_media":0,"parent":0,"menu_order":0,"comment_status":"closed","ping_status":"closed","template":"","meta":{"footnotes":""},"class_list":["post-8","page","type-page","status-publish","hentry"],"yoast_head":"<!-- This site is optimized with the Yoast SEO plugin v25.3.1 - https:\/\/yoast.com\/wordpress\/plugins\/seo\/ -->\n<title>Inicio - LM Sal\u00f3n M\u00e9xico<\/title>\n<meta name=\"robots\" content=\"index, follow, max-snippet:-1, max-image-preview:large, max-video-preview:-1\" \/>\n<link rel=\"canonical\" href=\"https:\/\/marichuy.mx\/\" \/>\n<meta property=\"og:locale\" content=\"es_ES\" \/>\n<meta property=\"og:type\" content=\"article\" \/>\n<meta property=\"og:title\" content=\"Inicio - LM Sal\u00f3n M\u00e9xico\" \/>\n<meta property=\"og:description\" content=\"\u00a1Te damos la bienvenida a tu sitio! Esta es tu p\u00e1gina de inicio, que es la que la mayor\u00eda de visitantes ver\u00e1n cuando vengan a tu sitio por primera vez.\" \/>\n<meta property=\"og:url\" content=\"https:\/\/marichuy.mx\/\" \/>\n<meta property=\"og:site_name\" content=\"LM Sal\u00f3n M\u00e9xico\" \/>\n<meta name=\"twitter:card\" content=\"summary_large_image\" \/>\n<script type=\"application\/ld+json\" class=\"yoast-schema-graph\">{\"@context\":\"https:\/\/schema.org\",\"@graph\":[{\"@type\":\"WebPage\",\"@id\":\"https:\/\/marichuy.mx\/\",\"url\":\"https:\/\/marichuy.mx\/\",\"name\":\"Inicio - LM Sal\u00f3n M\u00e9xico\",\"isPartOf\":{\"@id\":\"https:\/\/marichuy.mx\/#website\"},\"datePublished\":\"2025-04-11T01:49:22+00:00\",\"breadcrumb\":{\"@id\":\"https:\/\/marichuy.mx\/#breadcrumb\"},\"inLanguage\":\"es\",\"potentialAction\":[{\"@type\":\"ReadAction\",\"target\":[\"https:\/\/marichuy.mx\/\"]}]},{\"@type\":\"BreadcrumbList\",\"@id\":\"https:\/\/marichuy.mx\/#breadcrumb\",\"itemListElement\":[{\"@type\":\"ListItem\",\"position\":1,\"name\":\"Portada\",\"item\":\"https:\/\/marichuy.mx\/\"},{\"@type\":\"ListItem\",\"position\":2,\"name\":\"Inicio\"}]},{\"@type\":\"WebSite\",\"@id\":\"https:\/\/marichuy.mx\/#website\",\"url\":\"https:\/\/marichuy.mx\/\",\"name\":\"LM Sal\u00f3n M\u00e9xico\",\"description\":\"\",\"potentialAction\":[{\"@type\":\"SearchAction\",\"target\":{\"@type\":\"EntryPoint\",\"urlTemplate\":\"https:\/\/marichuy.mx\/?s={search_term_string}\"},\"query-input\":{\"@type\":\"PropertyValueSpecification\",\"valueRequired\":true,\"valueName\":\"search_term_string\"}}],\"inLanguage\":\"es\"}]}<\/script>\n<!-- \/ Yoast SEO plugin. -->","yoast_head_json":{"title":"Inicio - LM Sal\u00f3n M\u00e9xico","robots":{"index":"index","follow":"follow","max-snippet":"max-snippet:-1","max-image-preview":"max-image-preview:large","max-video-preview":"max-video-preview:-1"},"canonical":"https:\/\/marichuy.mx\/","og_locale":"es_ES","og_type":"article","og_title":"Inicio - LM Sal\u00f3n M\u00e9xico","og_description":"\u00a1Te damos la bienvenida a tu sitio! Esta es tu p\u00e1gina de inicio, que es la que la mayor\u00eda de visitantes ver\u00e1n cuando vengan a tu sitio por primera vez.","og_url":"https:\/\/marichuy.mx\/","og_site_name":"LM Sal\u00f3n M\u00e9xico","twitter_card":"summary_large_image","schema":{"@context":"https:\/\/schema.org","@graph":[{"@type":"WebPage","@id":"https:\/\/marichuy.mx\/","url":"https:\/\/marichuy.mx\/","name":"Inicio - LM Sal\u00f3n M\u00e9xico","isPartOf":{"@id":"https:\/\/marichuy.mx\/#website"},"datePublished":"2025-04-11T01:49:22+00:00","breadcrumb":{"@id":"https:\/\/marichuy.mx\/#breadcrumb"},"inLanguage":"es","potentialAction":[{"@type":"ReadAction","target":["https:\/\/marichuy.mx\/"]}]},{"@type":"BreadcrumbList","@id":"https:\/\/marichuy.mx\/#breadcrumb","itemListElement":[{"@type":"ListItem","position":1,"name":"Portada","item":"https:\/\/marichuy.mx\/"},{"@type":"ListItem","position":2,"name":"Inicio"}]},{"@type":"WebSite","@id":"https:\/\/marichuy.mx\/#website","url":"https:\/\/marichuy.mx\/","name":"LM Sal\u00f3n M\u00e9xico","description":"","potentialAction":[{"@type":"SearchAction","target":{"@type":"EntryPoint","urlTemplate":"https:\/\/marichuy.mx\/?s={search_term_string}"},"query-input":{"@type":"PropertyValueSpecification","valueRequired":true,"valueName":"search_term_string"}}],"inLanguage":"es"}]}},"_links":{"self":[{"href":"https:\/\/marichuy.mx\/index.php\/wp-json\/wp\/v2\/pages\/8","targetHints":{"allow":["GET"]}}],"collection":[{"href":"https:\/\/marichuy.mx\/index.php\/wp-json\/wp\/v2\/pages"}],"about":[{"href":"https:\/\/marichuy.mx\/index.php\/wp-json\/wp\/v2\/types\/page"}],"author":[{"embeddable":true,"href":"https:\/\/marichuy.mx\/index.php\/wp-json\/wp\/v2\/users\/1"}],"replies":[{"embeddable":true,"href":"https:\/\/marichuy.mx\/index.php\/wp-json\/wp\/v2\/comments?post=8"}],"version-history":[{"count":1,"href":"https:\/\/marichuy.mx\/index.php\/wp-json\/wp\/v2\/pages\/8\/revisions"}],"predecessor-version":[{"id":11,"href":"https:\/\/marichuy.mx\/index.php\/wp-json\/wp\/v2\/pages\/8\/revisions\/11"}],"wp:attachment":[{"href":"https:\/\/marichuy.mx\/index.php\/wp-json\/wp\/v2\/media?parent=8"}],"curies":[{"name":"wp","href":"https:\/\/api.w.org\/{rel}","templated":true}]}}